{"id":84,"date":"2022-08-22T17:25:06","date_gmt":"2022-08-22T17:25:06","guid":{"rendered":"https:\/\/smthemebazar.com\/cycure\/?page_id=84"},"modified":"2023-01-25T16:21:59","modified_gmt":"2023-01-25T19:21:59","slug":"fale-conosco","status":"publish","type":"page","link":"https:\/\/sitework.com.br\/site\/fale-conosco\/","title":{"rendered":"Fale Conosco"},"content":{"rendered":"\t\t<div data-elementor-type=\"wp-page\" data-elementor-id=\"84\" class=\"elementor elementor-84\">\n\t\t\t\t\t\t\t\t\t<section class=\"elementor-section elementor-top-section elementor-element elementor-element-d50c6d8 elementor-section-full_width elementor-section-height-default elementor-section-height-default\" data-id=\"d50c6d8\" data-element_type=\"section\" data-settings=\"{&quot;background_background&quot;:&quot;classic&quot;}\">\n\t\t\t\t\t\t<div class=\"elementor-container elementor-column-gap-no\">\n\t\t\t\t\t<div class=\"elementor-column elementor-col-100 elementor-top-column elementor-element elementor-element-fbbee9d\" data-id=\"fbbee9d\" data-element_type=\"column\">\n\t\t\t<div class=\"elementor-widget-wrap elementor-element-populated\">\n\t\t\t\t\t\t\t\t<div class=\"elementor-element elementor-element-26d16b6 elementor-widget elementor-widget-contact-info\" data-id=\"26d16b6\" data-element_type=\"widget\" data-widget_type=\"contact-info.default\">\n\t\t\t\t<div class=\"elementor-widget-container\">\n\t\t\t\r\n        <!-- contact-area -->\r\n        <div class=\"contact-info-wrapper\">\r\n            <div class=\"container\">\r\n                <div class=\"row justify-content-around\">\r\n\r\n                                        <div class=\"col-xl-3 col-lg-4 col-md-6 col-sm-8\">\r\n                        <div class=\"contact-info-item text-center\">\r\n                            <div class=\"contact-info-icon\">\r\n\r\n                                \r\n                                                                            <i aria-hidden=\"true\" class=\"tp flaticon-chat\"><\/i>                                    \r\n                                \r\n                            <\/div>\r\n                            <div class=\"contact-info-content\">\r\n                                                                    <h5 class=\"title\">Suporte T\u00e9cnico 24h<\/h5>\r\n                                \r\n                                                                    <p>Nossos especialistas sempre prontos para atender suas demandas, 24\/7\/365<\/p>\r\n                                \r\n                                                                <a href=\"https:\/\/wa.me\/5521974335775\" class=\"contact-info-link\">Abra seu chamado<\/a>\r\n                                                            <\/div>\r\n                        <\/div>\r\n                    <\/div>\r\n                                        <div class=\"col-xl-3 col-lg-4 col-md-6 col-sm-8\">\r\n                        <div class=\"contact-info-item text-center\">\r\n                            <div class=\"contact-info-icon\">\r\n\r\n                                \r\n                                                                            <i aria-hidden=\"true\" class=\"fas fa-phone-alt\"><\/i>                                    \r\n                                \r\n                            <\/div>\r\n                            <div class=\"contact-info-content\">\r\n                                                                    <h5 class=\"title\">Contatos<\/h5>\r\n                                \r\n                                                                    <p>Vendas:<a href=\"https:\/\/api.whatsapp.com\/send\/?phone=5521974335775&amp;text=Ol%C3%A1+SiteWork%2C+preciso+de+ajuda+com+meu+projeto%21&amp;type=phone_number&amp;app_absent=0\"> (21) 97433-5775<\/a><br>\nAtendimento: <a href=\"2122081709\">(21) 2208-1709<\/a><br>\nEmail: <a href=\"mailto:contato@sitework.com.br\">contato@sitework.com.br<\/a><\/p>\r\n                                \r\n                                                                <a href=\"https:\/\/api.whatsapp.com\/send\/?phone=5521974335775&#038;text=Ol%C3%A1+SiteWork%2C+preciso+de+ajuda+com+meu+projeto%21&#038;type=phone_number&#038;app_absent=0\" class=\"contact-info-link\">Atendimento Online<\/a>\r\n                                                            <\/div>\r\n                        <\/div>\r\n                    <\/div>\r\n                                        <div class=\"col-xl-3 col-lg-4 col-md-6 col-sm-8\">\r\n                        <div class=\"contact-info-item text-center\">\r\n                            <div class=\"contact-info-icon\">\r\n\r\n                                \r\n                                                                            <i aria-hidden=\"true\" class=\"tp flaticon-iphone\"><\/i>                                    \r\n                                \r\n                            <\/div>\r\n                            <div class=\"contact-info-content\">\r\n                                                                    <h5 class=\"title\">Fale Conosco<\/h5>\r\n                                \r\n                                                                    <p>Tire suas d\u00favidas, solicite um or\u00e7amento, fa\u00e7a parte da equipe. Fale conosco agora mesmo.<\/p>\r\n                                \r\n                                                                <a href=\"https:\/\/wa.me\/5521974335775\" class=\"contact-info-link\">Fale Conosco<\/a>\r\n                                                            <\/div>\r\n                        <\/div>\r\n                    <\/div>\r\n                    \r\n                <\/div>\r\n            <\/div>\r\n        <\/div>\r\n\r\n        \r\n        <div class=\"contact-form-wrap\">\r\n            <div class=\"container\">\r\n\r\n                                <div class=\"row justify-content-center\">\r\n                    <div class=\"col-xl-5 col-lg-7 col-md-9 col-sm-10\">\r\n                        <div class=\"section-title text-center mb-50\">\r\n                            <h2 class=\"title\">Fale Conosco<\/h2>                        <\/div>\r\n                    <\/div>\r\n                <\/div>\r\n                \r\n                <div class=\"row justify-content-center\">\r\n                    <div class=\"col-xxl-8 col-xl-9 col-lg-10\">\r\n                        <div class=\"wpcf7 no-js\" id=\"wpcf7-f582-o1\" lang=\"en-US\" dir=\"ltr\">\n<div class=\"screen-reader-response\"><p role=\"status\" aria-live=\"polite\" aria-atomic=\"true\"><\/p> <ul><\/ul><\/div>\n<form action=\"\/site\/wp-json\/wp\/v2\/pages\/84#wpcf7-f582-o1\" method=\"post\" class=\"wpcf7-form init\" aria-label=\"Contact form\" novalidate=\"novalidate\" data-status=\"init\">\n<div style=\"display: none;\">\n<input type=\"hidden\" name=\"_wpcf7\" value=\"582\" \/>\n<input type=\"hidden\" name=\"_wpcf7_version\" value=\"5.7\" \/>\n<input type=\"hidden\" name=\"_wpcf7_locale\" value=\"en_US\" \/>\n<input type=\"hidden\" name=\"_wpcf7_unit_tag\" value=\"wpcf7-f582-o1\" \/>\n<input type=\"hidden\" name=\"_wpcf7_container_post\" value=\"0\" \/>\n<input type=\"hidden\" name=\"_wpcf7_posted_data_hash\" value=\"\" \/>\n<\/div>\n<div class=\"contact-form text-center\">\n    <div class=\"row\">\n        <div class=\"col-md-6\">\n            <div class=\"form-grp\">\n                <span class=\"wpcf7-form-control-wrap\" data-name=\"your-name\"><input size=\"40\" class=\"wpcf7-form-control wpcf7-text\" aria-invalid=\"false\" placeholder=\"Seu nome\" value=\"\" type=\"text\" name=\"your-name\" \/><\/span>\n            <\/div>\n        <\/div>\n        <div class=\"col-md-6\">\n            <div class=\"form-grp\">\n                <span class=\"wpcf7-form-control-wrap\" data-name=\"your-email\"><input size=\"40\" class=\"wpcf7-form-control wpcf7-text wpcf7-email wpcf7-validates-as-email\" aria-invalid=\"false\" placeholder=\"Seu email\" value=\"\" type=\"email\" name=\"your-email\" \/><\/span>\n            <\/div>\n        <\/div>\n        <div class=\"form-grp\">\n            <span class=\"wpcf7-form-control-wrap\" data-name=\"your-message\"><textarea cols=\"40\" rows=\"10\" class=\"wpcf7-form-control wpcf7-textarea\" aria-invalid=\"false\" placeholder=\"Escreva em poucas palavras como podemos lhe ajudar...\" name=\"your-message\"><\/textarea><\/span>\n        <\/div>\n    <\/div>\n    <input class=\"wpcf7-form-control has-spinner wpcf7-submit btn\" type=\"submit\" value=\"Enviar\" \/>\n<\/div><div class=\"wpcf7-response-output\" aria-hidden=\"true\"><\/div><\/form><\/div>                    <\/div>\r\n                <\/div>\r\n            <\/div>\r\n        <\/div>\r\n        <!-- contact-area-end -->\r\n\r\n        \t\t<\/div>\n\t\t\t\t<\/div>\n\t\t\t\t\t<\/div>\n\t\t<\/div>\n\t\t\t\t\t\t\t<\/div>\n\t\t<\/section>\n\t\t\t\t\t\t\t<\/div>\n\t\t","protected":false},"excerpt":{"rendered":"<p>Suporte T\u00e9cnico 24h Nossos especialistas sempre prontos para atender suas demandas, 24\/7\/365 Abra seu chamado Contatos Vendas: (21) 97433-5775 Atendimento: (21) 2208-1709 Email: contato@sitework.com.br Atendimento Online Fale Conosco Tire suas d\u00favidas, solicite um or\u00e7amento, fa\u00e7a parte da equipe. Fale conosco agora mesmo. Fale Conosco Fale Conosco<\/p>\n","protected":false},"author":1,"featured_media":0,"parent":0,"menu_order":0,"comment_status":"closed","ping_status":"closed","template":"elementor_header_footer","meta":{"_joinchat":[],"footnotes":""},"class_list":["post-84","page","type-page","status-publish","hentry"],"acf":[],"_links":{"self":[{"href":"https:\/\/sitework.com.br\/site\/wp-json\/wp\/v2\/pages\/84","targetHints":{"allow":["GET"]}}],"collection":[{"href":"https:\/\/sitework.com.br\/site\/wp-json\/wp\/v2\/pages"}],"about":[{"href":"https:\/\/sitework.com.br\/site\/wp-json\/wp\/v2\/types\/page"}],"author":[{"embeddable":true,"href":"https:\/\/sitework.com.br\/site\/wp-json\/wp\/v2\/users\/1"}],"replies":[{"embeddable":true,"href":"https:\/\/sitework.com.br\/site\/wp-json\/wp\/v2\/comments?post=84"}],"version-history":[{"count":16,"href":"https:\/\/sitework.com.br\/site\/wp-json\/wp\/v2\/pages\/84\/revisions"}],"predecessor-version":[{"id":809,"href":"https:\/\/sitework.com.br\/site\/wp-json\/wp\/v2\/pages\/84\/revisions\/809"}],"wp:attachment":[{"href":"https:\/\/sitework.com.br\/site\/wp-json\/wp\/v2\/media?parent=84"}],"curies":[{"name":"wp","href":"https:\/\/api.w.org\/{rel}","templated":true}]}}