{"id":74,"date":"2022-08-22T17:22:06","date_gmt":"2022-08-22T17:22:06","guid":{"rendered":"https:\/\/smthemebazar.com\/cycure\/?page_id=74"},"modified":"2022-12-13T23:25:50","modified_gmt":"2022-12-14T02:25:50","slug":"servicos-manutencao-de-sites","status":"publish","type":"page","link":"https:\/\/sitework.com.br\/site\/servicos-manutencao-de-sites\/","title":{"rendered":"Servi\u00e7os"},"content":{"rendered":"\t\t<div data-elementor-type=\"wp-page\" data-elementor-id=\"74\" class=\"elementor elementor-74\">\n\t\t\t\t\t\t\t\t\t<section class=\"elementor-section elementor-top-section elementor-element elementor-element-0a30f1f elementor-section-full_width elementor-section-height-default elementor-section-height-default\" data-id=\"0a30f1f\" data-element_type=\"section\" data-settings=\"{&quot;background_background&quot;:&quot;classic&quot;}\">\n\t\t\t\t\t\t<div class=\"elementor-container elementor-column-gap-no\">\n\t\t\t\t\t<div class=\"elementor-column elementor-col-100 elementor-top-column elementor-element elementor-element-222efae\" data-id=\"222efae\" data-element_type=\"column\">\n\t\t\t<div class=\"elementor-widget-wrap elementor-element-populated\">\n\t\t\t\t\t\t\t\t<div class=\"elementor-element elementor-element-ccb7d50 elementor-widget elementor-widget-services\" data-id=\"ccb7d50\" data-element_type=\"widget\" data-widget_type=\"services.default\">\n\t\t\t\t<div class=\"elementor-widget-container\">\n\t\t\t\r\n        \r\n        <!-- services-area -->\r\n        <section class=\"services-area\">\r\n            <div class=\"container\">\r\n                <div class=\"row justify-content-center\">\r\n                    <div class=\"col-xl-10\">\r\n                        <div class=\"services-items-wrapper\">\r\n                            <ul class=\"list-wrap\">\r\n\r\n                                                                <li>\r\n                                    <a href=\"\">\r\n                                        <div class=\"top-content\">\r\n\r\n                                            \r\n                                                                                                    <i aria-hidden=\"true\" class=\"tp flaticon-spyware\"><\/i>                                                \r\n                                            \r\n                                                                                            <span>Manuten\u00e7\u00e3o de Sites<\/span>\r\n                                            \r\n                                        <\/div>\r\n                                        <i class=\"fas fa-arrow-right\"><\/i>\r\n                                    <\/a>\r\n                                <\/li>\r\n                                                                <li>\r\n                                    <a href=\"\">\r\n                                        <div class=\"top-content\">\r\n\r\n                                            \r\n                                                                                                    <i aria-hidden=\"true\" class=\"tp flaticon-cloud-computing\"><\/i>                                                \r\n                                            \r\n                                                                                            <span>Gest\u00e3o de Seguran\u00e7a de Sites<\/span>\r\n                                            \r\n                                        <\/div>\r\n                                        <i class=\"fas fa-arrow-right\"><\/i>\r\n                                    <\/a>\r\n                                <\/li>\r\n                                                                <li>\r\n                                    <a href=\"\">\r\n                                        <div class=\"top-content\">\r\n\r\n                                            \r\n                                                                                                    <i aria-hidden=\"true\" class=\"tp flaticon-hosting\"><\/i>                                                \r\n                                            \r\n                                                                                            <span>Suporte T\u00e9cnico Especializado<\/span>\r\n                                            \r\n                                        <\/div>\r\n                                        <i class=\"fas fa-arrow-right\"><\/i>\r\n                                    <\/a>\r\n                                <\/li>\r\n                                                                <li>\r\n                                    <a href=\"\">\r\n                                        <div class=\"top-content\">\r\n\r\n                                            \r\n                                                                                                    <i aria-hidden=\"true\" class=\"tp flaticon-credit-card\"><\/i>                                                \r\n                                            \r\n                                                                                            <span>Gest\u00e3o de<br>E-commerce<\/span>\r\n                                            \r\n                                        <\/div>\r\n                                        <i class=\"fas fa-arrow-right\"><\/i>\r\n                                    <\/a>\r\n                                <\/li>\r\n                                                                <li>\r\n                                    <a href=\"\">\r\n                                        <div class=\"top-content\">\r\n\r\n                                            \r\n                                                                                                    <i aria-hidden=\"true\" class=\"tp flaticon-concept\"><\/i>                                                \r\n                                            \r\n                                                                                            <span>Gerenciamento de Aplicativos<\/span>\r\n                                            \r\n                                        <\/div>\r\n                                        <i class=\"fas fa-arrow-right\"><\/i>\r\n                                    <\/a>\r\n                                <\/li>\r\n                                                                <li>\r\n                                    <a href=\"\">\r\n                                        <div class=\"top-content\">\r\n\r\n                                            \r\n                                                                                                    <i aria-hidden=\"true\" class=\"tp flaticon-brain\"><\/i>                                                \r\n                                            \r\n                                                                                            <span>Gest\u00e3o de Servidores Cloud<\/span>\r\n                                            \r\n                                        <\/div>\r\n                                        <i class=\"fas fa-arrow-right\"><\/i>\r\n                                    <\/a>\r\n                                <\/li>\r\n                                                                <li>\r\n                                    <a href=\"\">\r\n                                        <div class=\"top-content\">\r\n\r\n                                            \r\n                                                                                                    <i aria-hidden=\"true\" class=\"tp flaticon-hacker\"><\/i>                                                \r\n                                            \r\n                                                                                            <span>Prote\u00e7\u00e3o contra Ataques <\/span>\r\n                                            \r\n                                        <\/div>\r\n                                        <i class=\"fas fa-arrow-right\"><\/i>\r\n                                    <\/a>\r\n                                <\/li>\r\n                                                                <li>\r\n                                    <a href=\"\">\r\n                                        <div class=\"top-content\">\r\n\r\n                                            \r\n                                                                                                    <i aria-hidden=\"true\" class=\"tp flaticon-backup\"><\/i>                                                \r\n                                            \r\n                                                                                            <span>Gest\u00e3o de Backups<\/span>\r\n                                            \r\n                                        <\/div>\r\n                                        <i class=\"fas fa-arrow-right\"><\/i>\r\n                                    <\/a>\r\n                                <\/li>\r\n                                                                <li>\r\n                                    <a href=\"\">\r\n                                        <div class=\"top-content\">\r\n\r\n                                            \r\n                                                                                                    <i aria-hidden=\"true\" class=\"tp flaticon-connection\"><\/i>                                                \r\n                                            \r\n                                                                                            <span>Dimensionamento de Infraestrutura<\/span>\r\n                                            \r\n                                        <\/div>\r\n                                        <i class=\"fas fa-arrow-right\"><\/i>\r\n                                    <\/a>\r\n                                <\/li>\r\n                                                                <li>\r\n                                    <a href=\"\">\r\n                                        <div class=\"top-content\">\r\n\r\n                                            \r\n                                                                                                    <i aria-hidden=\"true\" class=\"tp flaticon-data-protection\"><\/i>                                                \r\n                                            \r\n                                                                                            <span>Recupera\u00e7\u00e3o de Sites Invadidos<\/span>\r\n                                            \r\n                                        <\/div>\r\n                                        <i class=\"fas fa-arrow-right\"><\/i>\r\n                                    <\/a>\r\n                                <\/li>\r\n                                                                <li>\r\n                                    <a href=\"\">\r\n                                        <div class=\"top-content\">\r\n\r\n                                            \r\n                                                                                                    <i aria-hidden=\"true\" class=\"tp flaticon-seo-and-web\"><\/i>                                                \r\n                                            \r\n                                                                                            <span>Performance de Websites<\/span>\r\n                                            \r\n                                        <\/div>\r\n                                        <i class=\"fas fa-arrow-right\"><\/i>\r\n                                    <\/a>\r\n                                <\/li>\r\n                                                                <li>\r\n                                    <a href=\"\">\r\n                                        <div class=\"top-content\">\r\n\r\n                                            \r\n                                                                                                    <i aria-hidden=\"true\" class=\"tp flaticon-face-recognition\"><\/i>                                                \r\n                                            \r\n                                                                                            <span>Adequa\u00e7\u00e3o de Sites a LGPD<\/span>\r\n                                            \r\n                                        <\/div>\r\n                                        <i class=\"fas fa-arrow-right\"><\/i>\r\n                                    <\/a>\r\n                                <\/li>\r\n                                                                <li>\r\n                                    <a href=\"\">\r\n                                        <div class=\"top-content\">\r\n\r\n                                            \r\n                                                                                                    <i aria-hidden=\"true\" class=\"tp flaticon-map\"><\/i>                                                \r\n                                            \r\n                                                                                            <span>CDN<\/span>\r\n                                            \r\n                                        <\/div>\r\n                                        <i class=\"fas fa-arrow-right\"><\/i>\r\n                                    <\/a>\r\n                                <\/li>\r\n                                                                <li>\r\n                                    <a href=\"\">\r\n                                        <div class=\"top-content\">\r\n\r\n                                            \r\n                                                                                                    <i aria-hidden=\"true\" class=\"tp flaticon-coding\"><\/i>                                                \r\n                                            \r\n                                                                                            <span>SEO<\/span>\r\n                                            \r\n                                        <\/div>\r\n                                        <i class=\"fas fa-arrow-right\"><\/i>\r\n                                    <\/a>\r\n                                <\/li>\r\n                                                                <li>\r\n                                    <a href=\"\">\r\n                                        <div class=\"top-content\">\r\n\r\n                                            \r\n                                                                                                    <i aria-hidden=\"true\" class=\"tp flaticon-approved\"><\/i>                                                \r\n                                            \r\n                                                                                            <span>Suporte T\u00e9cnico 24\/7\/365<\/span>\r\n                                            \r\n                                        <\/div>\r\n                                        <i class=\"fas fa-arrow-right\"><\/i>\r\n                                    <\/a>\r\n                                <\/li>\r\n                                \r\n                            <\/ul>\r\n                        <\/div>\r\n                    <\/div>\r\n                <\/div>\r\n            <\/div>\r\n        <\/section>\r\n        <!-- services-area-end -->\r\n\r\n        \r\n        \t\t<\/div>\n\t\t\t\t<\/div>\n\t\t\t\t\t<\/div>\n\t\t<\/div>\n\t\t\t\t\t\t\t<\/div>\n\t\t<\/section>\n\t\t\t\t\t\t\t<\/div>\n\t\t","protected":false},"excerpt":{"rendered":"<p>Manuten\u00e7\u00e3o de Sites Gest\u00e3o de Seguran\u00e7a de Sites Suporte T\u00e9cnico Especializado Gest\u00e3o deE-commerce Gerenciamento de Aplicativos Gest\u00e3o de Servidores Cloud Prote\u00e7\u00e3o contra Ataques Gest\u00e3o de Backups Dimensionamento de Infraestrutura Recupera\u00e7\u00e3o de Sites Invadidos Performance de Websites Adequa\u00e7\u00e3o de Sites a LGPD CDN SEO Suporte T\u00e9cnico 24\/7\/365<\/p>\n","protected":false},"author":1,"featured_media":0,"parent":0,"menu_order":0,"comment_status":"closed","ping_status":"closed","template":"elementor_header_footer","meta":{"_joinchat":[],"footnotes":""},"class_list":["post-74","page","type-page","status-publish","hentry"],"acf":[],"_links":{"self":[{"href":"https:\/\/sitework.com.br\/site\/wp-json\/wp\/v2\/pages\/74","targetHints":{"allow":["GET"]}}],"collection":[{"href":"https:\/\/sitework.com.br\/site\/wp-json\/wp\/v2\/pages"}],"about":[{"href":"https:\/\/sitework.com.br\/site\/wp-json\/wp\/v2\/types\/page"}],"author":[{"embeddable":true,"href":"https:\/\/sitework.com.br\/site\/wp-json\/wp\/v2\/users\/1"}],"replies":[{"embeddable":true,"href":"https:\/\/sitework.com.br\/site\/wp-json\/wp\/v2\/comments?post=74"}],"version-history":[{"count":13,"href":"https:\/\/sitework.com.br\/site\/wp-json\/wp\/v2\/pages\/74\/revisions"}],"predecessor-version":[{"id":766,"href":"https:\/\/sitework.com.br\/site\/wp-json\/wp\/v2\/pages\/74\/revisions\/766"}],"wp:attachment":[{"href":"https:\/\/sitework.com.br\/site\/wp-json\/wp\/v2\/media?parent=74"}],"curies":[{"name":"wp","href":"https:\/\/api.w.org\/{rel}","templated":true}]}}