{"id":72,"date":"2022-08-22T17:21:48","date_gmt":"2022-08-22T20:21:48","guid":{"rendered":"https:\/\/smthemebazar.com\/cycure\/?page_id=72"},"modified":"2022-12-13T23:00:15","modified_gmt":"2022-12-14T02:00:15","slug":"a-empresa","status":"publish","type":"page","link":"https:\/\/sitework.com.br\/site\/a-empresa\/","title":{"rendered":"A Empresa"},"content":{"rendered":"\t\t<div data-elementor-type=\"wp-page\" data-elementor-id=\"72\" class=\"elementor elementor-72\">\n\t\t\t\t\t\t\t\t\t<section class=\"elementor-section elementor-top-section elementor-element elementor-element-6c505f0 elementor-section-full_width elementor-section-height-default elementor-section-height-default\" data-id=\"6c505f0\" data-element_type=\"section\" data-settings=\"{&quot;background_background&quot;:&quot;classic&quot;}\">\n\t\t\t\t\t\t<div class=\"elementor-container elementor-column-gap-no\">\n\t\t\t\t\t<div class=\"elementor-column elementor-col-100 elementor-top-column elementor-element elementor-element-1c4a9e5\" data-id=\"1c4a9e5\" data-element_type=\"column\">\n\t\t\t<div class=\"elementor-widget-wrap elementor-element-populated\">\n\t\t\t\t\t\t\t\t<div class=\"elementor-element elementor-element-4c84d62 elementor-widget elementor-widget-about\" data-id=\"4c84d62\" data-element_type=\"widget\" data-widget_type=\"about.default\">\n\t\t\t\t<div class=\"elementor-widget-container\">\n\t\t\t\r\n\t\t\r\n        <!-- about-area -->\r\n        <section class=\"about-area\">\r\n            <div class=\"container\">\r\n                <div class=\"row align-items-center\">\r\n\r\n                                        <div class=\"col-lg-6\">\r\n                        <div class=\"about-img\">\r\n                            <img decoding=\"async\" src=\"https:\/\/sitework.com.br\/site\/wp-content\/uploads\/2022\/09\/about.png\" alt=\"\">\r\n                        <\/div>\r\n                    <\/div>\r\n                    \r\n                                        <div class=\"col-lg-6 col-md-11\">\r\n                        <div class=\"about-content\">\r\n                            <h2 class=\"title\">Um empresa especializada em Manuten\u00e7\u00e3o de Sites <\/h2>\r\n                                                            <p>H\u00e1 15 anos no mercado nacional, somos pioneiros no servi\u00e7o de Gest\u00e3o e Manuten\u00e7\u00e3o de Sites e Aplicativos.<\/p>\r\n                            \r\n                            <ul class=\"about-list\">\r\n                                                                    <li>Suporte T\u00e9cnico 24\/7\/365<\/li>\r\n                                                                    <li>Pronta resposta em at\u00e9 10 minutos<\/li>\r\n                                                                    <li>Equipe multidisciplinar especializada<\/li>\r\n                                                            <\/ul>\r\n\r\n                            \r\n                        <\/div>\r\n                    <\/div>\r\n                    \r\n                <\/div>\r\n            <\/div>\r\n        <\/section>\r\n        <!-- about-area-end -->\r\n\r\n        \r\n        \t\t<\/div>\n\t\t\t\t<\/div>\n\t\t\t\t\t<\/div>\n\t\t<\/div>\n\t\t\t\t\t\t\t<\/div>\n\t\t<\/section>\n\t\t\t\t<section class=\"elementor-section elementor-top-section elementor-element elementor-element-12737e6 elementor-section-full_width elementor-section-height-default elementor-section-height-default\" data-id=\"12737e6\" data-element_type=\"section\" data-settings=\"{&quot;background_background&quot;:&quot;classic&quot;}\">\n\t\t\t\t\t\t<div class=\"elementor-container elementor-column-gap-no\">\n\t\t\t\t\t<div class=\"elementor-column elementor-col-100 elementor-top-column elementor-element elementor-element-55f56de\" data-id=\"55f56de\" data-element_type=\"column\">\n\t\t\t<div class=\"elementor-widget-wrap elementor-element-populated\">\n\t\t\t\t\t\t\t\t<div class=\"elementor-element elementor-element-1e5bf9e elementor-widget elementor-widget-tp-fact\" data-id=\"1e5bf9e\" data-element_type=\"widget\" data-widget_type=\"tp-fact.default\">\n\t\t\t\t<div class=\"elementor-widget-container\">\n\t\t\t\r\n        <script>\r\n            jQuery(document).ready(function($){\r\n\r\n                \/*=============================================\r\n                    =    \t\tOdometer Active  \t       =\r\n                =============================================*\/\r\n                $('.odometer').appear(function (e) {\r\n                    var odo = $(\".odometer\");\r\n                    odo.each(function () {\r\n                        var countNumber = $(this).attr(\"data-count\");\r\n                        $(this).html(countNumber);\r\n                    });\r\n                });\r\n\r\n            });\r\n        <\/script>\r\n\r\n        <!-- fact-area -->\r\n        <section class=\"fact-area\">\r\n            <div class=\"container\">\r\n                <div class=\"row justify-content-center\">\r\n\r\n                                        <div class=\"col-xl-3 col-lg-4 col-sm-6\">\r\n                        <div class=\"fact-item\">\r\n\r\n                                                            <h2 class=\"count flex-row\">\r\n                                                                            <span class=\"formatting-mark\">+<\/span>\r\n                                                                        <span class=\"odometer\" data-count=\"2824\"><\/span>\r\n                                <\/h2>\r\n                            \r\n                                                            <span class=\"content\">Sites <br> atendidos<\/span>\r\n                                                    <\/div>\r\n                    <\/div>\r\n                                        <div class=\"col-xl-3 col-lg-4 col-sm-6\">\r\n                        <div class=\"fact-item\">\r\n\r\n                                                            <h2 class=\"count flex-row\">\r\n                                                                        <span class=\"odometer\" data-count=\"14\"><\/span>\r\n                                <\/h2>\r\n                            \r\n                                                            <span class=\"content\">Anos no <br> Mercado<\/span>\r\n                                                    <\/div>\r\n                    <\/div>\r\n                                        <div class=\"col-xl-3 col-lg-4 col-sm-6\">\r\n                        <div class=\"fact-item\">\r\n\r\n                                                            <h2 class=\"count flex-row\">\r\n                                                                        <span class=\"odometer\" data-count=\"99%\"><\/span>\r\n                                <\/h2>\r\n                            \r\n                                                            <span class=\"content\">de problemas<br> solucionados<\/span>\r\n                                                    <\/div>\r\n                    <\/div>\r\n                    \r\n                <\/div>\r\n            <\/div>\r\n        <\/section>\r\n        <!-- fact-area-end -->\r\n\r\n        \t\t<\/div>\n\t\t\t\t<\/div>\n\t\t\t\t<div class=\"elementor-element elementor-element-12f2904 elementor-widget elementor-widget-google_maps\" data-id=\"12f2904\" data-element_type=\"widget\" data-widget_type=\"google_maps.default\">\n\t\t\t\t<div class=\"elementor-widget-container\">\n\t\t\t<style>\/*! elementor - v3.7.7 - 20-09-2022 *\/\n.elementor-widget-google_maps .elementor-widget-container{overflow:hidden}.elementor-widget-google_maps iframe{height:300px}<\/style>\t\t<div class=\"elementor-custom-embed\">\n\t\t\t<iframe frameborder=\"0\" scrolling=\"no\" marginheight=\"0\" marginwidth=\"0\"\n\t\t\t\t\tsrc=\"https:\/\/maps.google.com\/maps?q=Avenida%20Embaixador%20Abelardo%20Bueno%2C%201%20-%20Rio%20de%20Janeiro%20-%20RJ&#038;t=m&#038;z=12&#038;output=embed&#038;iwloc=near\"\n\t\t\t\t\ttitle=\"Avenida Embaixador Abelardo Bueno, 1 - Rio de Janeiro - RJ\"\n\t\t\t\t\taria-label=\"Avenida Embaixador Abelardo Bueno, 1 - Rio de Janeiro - RJ\"\n\t\t\t><\/iframe>\n\t\t<\/div>\n\t\t\t\t<\/div>\n\t\t\t\t<\/div>\n\t\t\t\t\t<\/div>\n\t\t<\/div>\n\t\t\t\t\t\t\t<\/div>\n\t\t<\/section>\n\t\t\t\t\t\t\t<\/div>\n\t\t","protected":false},"excerpt":{"rendered":"<p>Um empresa especializada em Manuten\u00e7\u00e3o de Sites H\u00e1 15 anos no mercado nacional, somos pioneiros no servi\u00e7o de Gest\u00e3o e Manuten\u00e7\u00e3o de Sites e Aplicativos. Suporte T\u00e9cnico 24\/7\/365 Pronta resposta em at\u00e9 10 minutos Equipe multidisciplinar especializada + Sites atendidos Anos no Mercado de problemas solucionados<\/p>\n","protected":false},"author":1,"featured_media":0,"parent":0,"menu_order":0,"comment_status":"closed","ping_status":"closed","template":"elementor_header_footer","meta":{"_joinchat":[],"footnotes":""},"class_list":["post-72","page","type-page","status-publish","hentry"],"acf":[],"_links":{"self":[{"href":"https:\/\/sitework.com.br\/site\/wp-json\/wp\/v2\/pages\/72","targetHints":{"allow":["GET"]}}],"collection":[{"href":"https:\/\/sitework.com.br\/site\/wp-json\/wp\/v2\/pages"}],"about":[{"href":"https:\/\/sitework.com.br\/site\/wp-json\/wp\/v2\/types\/page"}],"author":[{"embeddable":true,"href":"https:\/\/sitework.com.br\/site\/wp-json\/wp\/v2\/users\/1"}],"replies":[{"embeddable":true,"href":"https:\/\/sitework.com.br\/site\/wp-json\/wp\/v2\/comments?post=72"}],"version-history":[{"count":12,"href":"https:\/\/sitework.com.br\/site\/wp-json\/wp\/v2\/pages\/72\/revisions"}],"predecessor-version":[{"id":750,"href":"https:\/\/sitework.com.br\/site\/wp-json\/wp\/v2\/pages\/72\/revisions\/750"}],"wp:attachment":[{"href":"https:\/\/sitework.com.br\/site\/wp-json\/wp\/v2\/media?parent=72"}],"curies":[{"name":"wp","href":"https:\/\/api.w.org\/{rel}","templated":true}]}}